{"id":469,"date":"2016-02-25T13:42:42","date_gmt":"2016-02-25T13:42:42","guid":{"rendered":"http:\/\/www.carp-omenia.ro\/?page_id=469"},"modified":"2016-03-01T08:12:36","modified_gmt":"2016-03-01T08:12:36","slug":"varsta-a-treia-prioritate-pe-agenda-publica","status":"publish","type":"page","link":"https:\/\/www.carp-omenia.ro\/index.php\/proiecte\/varsta-a-treia-prioritate-pe-agenda-publica\/","title":{"rendered":"Varsta a treia &#8211; prioritate pe agenda publica"},"content":{"rendered":"<div class=\"post-458 page type-page status-publish hentry\" style=\"text-align: justify;\">Proiect finantat prin granturile SEE 2009 &#8211; 2014, in cadrul Fondului ONG in Romania.<\/div>\n<div class=\"post-458 page type-page status-publish hentry\" style=\"text-align: justify;\"><\/div>\n<div class=\"post-458 page type-page status-publish hentry\" style=\"text-align: justify;\">\n\n\t\t<style type=\"text\/css\">\n\t\t\t#gallery-1 {\n\t\t\t\tmargin: auto;\n\t\t\t}\n\t\t\t#gallery-1 .gallery-item {\n\t\t\t\tfloat: left;\n\t\t\t\tmargin-top: 10px;\n\t\t\t\ttext-align: center;\n\t\t\t\twidth: 25%;\n\t\t\t}\n\t\t\t#gallery-1 img {\n\t\t\t\tborder: 2px solid #cfcfcf;\n\t\t\t}\n\t\t\t#gallery-1 .gallery-caption {\n\t\t\t\tmargin-left: 0;\n\t\t\t}\n\t\t\t\/* see gallery_shortcode() in wp-includes\/media.php *\/\n\t\t<\/style>\n\t\t<div id='gallery-1' class='gallery galleryid-469 gallery-columns-4 gallery-size-full'><dl class='gallery-item'>\n\t\t\t<dt class='gallery-icon landscape'>\n\t\t\t\t<a data-rel=\"iLightbox[postimages]\" data-title=\"fdsc_LS3E1\" data-caption=\"\" href='https:\/\/www.carp-omenia.ro\/wp-content\/uploads\/2016\/02\/fdsc_LS3E1.jpg'><img decoding=\"async\" width=\"169\" height=\"60\" src=\"https:\/\/www.carp-omenia.ro\/wp-content\/uploads\/2016\/02\/fdsc_LS3E1.jpg\" class=\"attachment-full size-full\" alt=\"\" \/><\/a>\n\t\t\t<\/dt><\/dl><dl class='gallery-item'>\n\t\t\t<dt class='gallery-icon landscape'>\n\t\t\t\t<a data-rel=\"iLightbox[postimages]\" data-title=\"fondong_logo1\" data-caption=\"\" href='https:\/\/www.carp-omenia.ro\/wp-content\/uploads\/2016\/02\/fondong_logo1.jpg'><img decoding=\"async\" width=\"103\" height=\"60\" src=\"https:\/\/www.carp-omenia.ro\/wp-content\/uploads\/2016\/02\/fondong_logo1.jpg\" class=\"attachment-full size-full\" alt=\"\" \/><\/a>\n\t\t\t<\/dt><\/dl><dl class='gallery-item'>\n\t\t\t<dt class='gallery-icon landscape'>\n\t\t\t\t<a data-rel=\"iLightbox[postimages]\" data-title=\"EEA-Grants_small1\" data-caption=\"\" href='https:\/\/www.carp-omenia.ro\/wp-content\/uploads\/2016\/02\/EEA-Grants_small1.jpg'><img decoding=\"async\" width=\"90\" height=\"60\" src=\"https:\/\/www.carp-omenia.ro\/wp-content\/uploads\/2016\/02\/EEA-Grants_small1.jpg\" class=\"attachment-full size-full\" alt=\"\" \/><\/a>\n\t\t\t<\/dt><\/dl>\n\t\t\t<br style='clear: both' \/>\n\t\t<\/div>\n\n<\/div>\n<h3><\/h3>\n<h3><\/h3>\n<h3><strong>Despre proiect<\/strong><\/h3>\n<div class=\"post-458 page type-page status-publish hentry\" style=\"text-align: justify;\">\n<p>Proiectul <strong>\u201dV\u00e2rst\u0103 a treia \u2013 o prioritate pe agenda public\u0103\u201d<\/strong> prezentat de Asocia\u0163ia CARP \u201dOmenia\u201d Bucure\u015fti \u00ee\u015fi propune cre\u015fterea rolului de advocacy al Federa\u0163iei Nationale \u201eOmenia\u201d a C.A.R.P-urilor din Romania constituit\u0103 din 137 asocia\u0163ii cu un num\u0103r total de 1 400 000 membri pensionari la nivelul \u0163\u0103rii. Proiectul \u00ee\u015fi propune s\u0103 creasc\u0103 capacitatea de a realiza activit\u0103\u0163i eficiente de advocacy pentru tot leadershipul Federa\u0163iei, cre\u015fterea nivelului de informa\u0163ie\/educa\u0163ie pentru advocacy pentru toate cele 137 organiza\u0163ii CARP federalizate dar \u015fi autorit\u0103\u0163i publice precum \u015fi ONG-uri ce vor fi informate \u015fi angajate \u00een dezbateri publice privind problemele organiza\u0163iilor C.A.R.P. Se vizeaz\u0103 \u00eent\u0103rirea capacit\u0103\u0163ii de management \u00een toate domeniile func\u0163ionale ale Federa\u0163iei: Guvernare, Sisteme de Operare \u015fi Management, Resurse Financiare, Servicii oferite \u015fi Rela\u0163ii Externe, crearea unui Centrul de Management \u015fi Advocacy al Federa\u0163iei Nationale \u201eOmenia\u201d cu sarcini permanente de monitorizare a agendei de advocacy \u015fi activit\u0103\u0163i concrete de tip organizare de campanii \u015fi evenimente de advocacy. La finalul proiectului Federa\u0163ia va avea un documentul strategic de advocacy.<\/p>\n<div class=\"entry-content\">\n<p><strong>Grupul \u0163int\u0103 principal<\/strong> este constituit de leadershipul Federa\u0163iei Nationale \u201eOmenia\u201d a C.A.R.P-urilor din Romania reprezentat de Comitetul Director, Biroul Permanent \u015fi executivul Federa\u0163iei.<\/p>\n<p><strong>Grupul \u0163int\u0103 secundar<\/strong> este reprezentat de cele 137 organiza\u0163ii membre ale Federa\u0163iei Na\u0163ionale \u201eOmenia\u201d<br \/>\nSunt selectate organiza\u0163iile reprezentate \u00een structurile de conducere la nivel na\u0163ional \u015fi regional, cu atribu\u0163ii specifice legate de identificarea \u015fi organizarea de activit\u0103\u0163i de advocacy.<\/p>\n<p>Proiectul r\u0103spunde \u00eentr-o mare m\u0103sur\u0103 nevoilor identificate de organiza\u0163iile membre ale Federa\u0163iei Nationale \u201eOmenia\u201d a C.A.R.P-urilor din Romania prin oferirea unui pachet de asisten\u0163\u0103 tehnic\u0103 \u015fi training \u00een vederea cre\u015fterii capacit\u0103\u0163ii de advocacy a organiza\u0163ie noastre.<\/p>\n<p>Impactul asupra grupului \u021bint\u0103 va atinge toate cele 137 organiza\u0163ii C.A.R.P. federalizate dar \u015fi autorit\u0103\u0163i publice (minim 41 reprezentan\u0163i de autorit\u0103\u0163i centrale \u015fi locale) , alte ONG-uri (minim 30). Se va crea Centrul de Advocacy \u0219i Management al Federa\u0163iei Nationale \u201eOmenia\u201d, care va avea sarcini permanente de monitorizare a agendei de advocacy \u015fi activit\u0103\u0163i concrete de tip organizare de campanii \u015fi evenimente de advocacy. Acest Centru reprezint\u0103 pilonul de sustenabilitate al proiectului.<\/p>\n<\/div>\n<\/div>\n","protected":false},"excerpt":{"rendered":"<p>Proiect finantat prin granturile SEE 2009 &#8211; 2014, in cadrul  [&#8230;]<\/p>\n","protected":false},"author":1,"featured_media":0,"parent":458,"menu_order":0,"comment_status":"closed","ping_status":"closed","template":"","meta":{"_monsterinsights_skip_tracking":false,"_monsterinsights_sitenote_active":false,"_monsterinsights_sitenote_note":"","_monsterinsights_sitenote_category":0,"footnotes":""},"class_list":["post-469","page","type-page","status-publish","hentry"],"_links":{"self":[{"href":"https:\/\/www.carp-omenia.ro\/index.php\/wp-json\/wp\/v2\/pages\/469","targetHints":{"allow":["GET"]}}],"collection":[{"href":"https:\/\/www.carp-omenia.ro\/index.php\/wp-json\/wp\/v2\/pages"}],"about":[{"href":"https:\/\/www.carp-omenia.ro\/index.php\/wp-json\/wp\/v2\/types\/page"}],"author":[{"embeddable":true,"href":"https:\/\/www.carp-omenia.ro\/index.php\/wp-json\/wp\/v2\/users\/1"}],"replies":[{"embeddable":true,"href":"https:\/\/www.carp-omenia.ro\/index.php\/wp-json\/wp\/v2\/comments?post=469"}],"version-history":[{"count":14,"href":"https:\/\/www.carp-omenia.ro\/index.php\/wp-json\/wp\/v2\/pages\/469\/revisions"}],"predecessor-version":[{"id":492,"href":"https:\/\/www.carp-omenia.ro\/index.php\/wp-json\/wp\/v2\/pages\/469\/revisions\/492"}],"up":[{"embeddable":true,"href":"https:\/\/www.carp-omenia.ro\/index.php\/wp-json\/wp\/v2\/pages\/458"}],"wp:attachment":[{"href":"https:\/\/www.carp-omenia.ro\/index.php\/wp-json\/wp\/v2\/media?parent=469"}],"curies":[{"name":"wp","href":"https:\/\/api.w.org\/{rel}","templated":true}]}}