{"id":2524,"date":"2026-03-31T05:56:43","date_gmt":"2026-03-31T05:56:43","guid":{"rendered":"https:\/\/www.carp-omenia.ro\/?page_id=2524"},"modified":"2026-05-13T06:48:31","modified_gmt":"2026-05-13T06:48:31","slug":"informari-onpcsb","status":"publish","type":"page","link":"https:\/\/www.carp-omenia.ro\/index.php\/informari-onpcsb\/","title":{"rendered":"INFORMARI ONPCSB"},"content":{"rendered":"<div class=\"fusion-fullwidth fullwidth-box fusion-builder-row-1 fusion-flex-container has-pattern-background has-mask-background nonhundred-percent-fullwidth non-hundred-percent-height-scrolling\" style=\"--awb-border-radius-top-left:0px;--awb-border-radius-top-right:0px;--awb-border-radius-bottom-right:0px;--awb-border-radius-bottom-left:0px;--awb-flex-wrap:wrap;\" ><div class=\"fusion-builder-row fusion-row fusion-flex-align-items-flex-start fusion-flex-content-wrap\" style=\"max-width:1996.8px;margin-left: calc(-4% \/ 2 );margin-right: calc(-4% \/ 2 );\"><div class=\"fusion-layout-column fusion_builder_column fusion-builder-column-0 fusion_builder_column_1_1 1_1 fusion-flex-column\" style=\"--awb-bg-size:cover;--awb-width-large:100%;--awb-margin-top-large:0px;--awb-spacing-right-large:1.92%;--awb-margin-bottom-large:20px;--awb-spacing-left-large:1.92%;--awb-width-medium:100%;--awb-order-medium:0;--awb-spacing-right-medium:1.92%;--awb-spacing-left-medium:1.92%;--awb-width-small:100%;--awb-order-small:0;--awb-spacing-right-small:1.92%;--awb-spacing-left-small:1.92%;\"><div class=\"fusion-column-wrapper fusion-column-has-shadow fusion-flex-justify-content-flex-start fusion-content-layout-column\"><div class=\"fusion-text fusion-text-1\"><ol>\n<li><a href=\"https:\/\/eur-lex.europa.eu\/legal-content\/RO\/TXT\/?uri=CELEX:32026D0645\">Decizia de punere \u00een aplicare (PESC) 2026\/645 a Consiliului din 16 martie 2026 privind punerea \u00een aplicare a Deciziei 2011\/235\/PESC privind m\u0103suri restrictive \u00eendreptate \u00eempotriva anumitor persoane \u0219i entit\u0103\u021bi av\u00e2nd \u00een vedere situa\u021bia din Iran<\/a><\/li>\n<li><a href=\"https:\/\/eur-lex.europa.eu\/legal-content\/RO\/TXT\/?uri=CELEX:32026R0648\">Regulamentul de punere \u00een aplicare (UE) 2026\/648 al Consiliului din 16 martie 2026 privind punerea \u00een aplicare a Regulamentului (UE) nr. 359\/2011 privind m\u0103suri restrictive \u00eempotriva anumitor persoane, entit\u0103\u021bi \u0219i organisme av\u00e2nd \u00een vedere situa\u021bia din Iran<\/a><\/li>\n<li>&nbsp;<span lang=\"IT\"><a class=\"ydp625a94d6yiv4068812122ydpfed4b7cayiv6934588323external\" tabindex=\"-1\" href=\"https:\/\/eur-lex.europa.eu\/legal-content\/RO\/TXT\/HTML\/?uri=OJ:L_202600647\" target=\"_blank\" rel=\"nofollow noopener\" shape=\"rect\"><span lang=\"RO\">Regulamentul de punere \u00een aplicare (UE) 2026\/647 al Consiliului din 16 martie 2026 privind punerea \u00een aplicare a Regulamentului (UE) 2024\/2642 privind m\u0103suri restrictive av\u00e2nd \u00een vedere activit\u0103\u021bile destabilizatoare ale Rusiei<\/span><\/a><\/span><\/li>\n<li><span lang=\"RO\"><a class=\"ydp625a94d6yiv4068812122ydpfed4b7cayiv6934588323external\" tabindex=\"-1\" href=\"https:\/\/eur-lex.europa.eu\/legal-content\/RO\/TXT\/HTML\/?uri=OJ:L_202600646\" target=\"_blank\" rel=\"nofollow noopener\" shape=\"rect\">Decizia (PESC) 2026\/646 a Consiliului din 16 martie 2026 de modificare a Deciziei (PESC) 2024\/2643 privind m\u0103suri restrictive av\u00e2nd \u00een vedere activit\u0103\u021bile destabilizatoare ale Rusiei<\/a><\/span><\/li>\n<li><a class=\"ydp625a94d6yiv4068812122ydpfed4b7cayiv6934588323external\" tabindex=\"-1\" href=\"https:\/\/eur-lex.europa.eu\/legal-content\/RO\/TXT\/HTML\/?uri=OJ:L_202600589\" target=\"_blank\" rel=\"nofollow noopener\" shape=\"rect\"><span lang=\"RO\">Regulamentul de punere \u00een aplicare (UE) 2026\/589 al Consiliului din 16 martie 2026 privind punerea \u00een aplicare a Regulamentului (UE) 2019\/796 privind m\u0103suri restrictive \u00eempotriva atacurilor cibernetice care reprezint\u0103 o amenin\u021bare la adresa Uniunii sau a statelor sale membre<\/span><\/a><\/li>\n<li><span lang=\"RO\"><a class=\"ydp625a94d6yiv4068812122ydpfed4b7cayiv6934588323external\" tabindex=\"-1\" href=\"https:\/\/eur-lex.europa.eu\/legal-content\/RO\/TXT\/HTML\/?uri=OJ:L_202600588\" target=\"_blank\" rel=\"nofollow noopener\" shape=\"rect\">Decizia (PESC) 2026\/588 a Consiliului din 16 martie 2026 de modificare a Deciziei (PESC) 2019\/797 privind m\u0103suri restrictive \u00eempotriva atacurilor cibernetice care reprezint\u0103 o amenin\u021bare la adresa Uniunii sau a statelor sale membre<\/a><\/span><\/li>\n<li><span lang=\"RO\"><a href=\"https:\/\/press.un.org\/en\/2026\/sc16323.doc.htm\" target=\"_blank\" rel=\"nofollow noopener\" shape=\"rect\">Security Council ISIL (Da\u2019esh) and Al-Qaida Sanctions Committee Adds One Entry to Its Sanctions List | UN Meetings Coverage and Press Releases<\/a><\/span><\/li>\n<li><span lang=\"RO\">&nbsp;<a href=\"https:\/\/press.un.org\/en\/2026\/sc16324.doc.htm\" target=\"_blank\" rel=\"nofollow noopener\" shape=\"rect\">Security Council ISIL (Da\u2019esh) and Al-Qaida Sanctions Committee Adds One Entry to Its Sanctions List | UN Meetings Coverage and Press Releases<\/a>.<\/span><\/li>\n<li><span lang=\"RO\"><a href=\"https:\/\/eur-lex.europa.eu\/legal-content\/RO\/TXT\/PDF\/?uri=OJ:L_202600819\" target=\"_blank\" rel=\"nofollow noopener\">Regulamentul de punere \u00een aplicare (UE) 2026\/819 al Comisiei din 1 aprilie 2026 de modificare pentru a 355-a oar\u0103 a Regulamentului (CE) nr. 881\/2002 al Consiliului de instituire a unor m\u0103suri restrictive specifice \u00eempotriva anumitor persoane \u0219i entit\u0103\u021bi asociate cu organiza\u021biile ISIL (Da\u2019esh) \u0219i Al-Qaida<\/a><\/span><\/li>\n<li><span lang=\"RO\"><a href=\"https:\/\/press.un.org\/en\/2026\/sc16336.doc.htm\" target=\"_blank\" rel=\"nofollow noopener\">Security Council Sanctions Committee Established Pursuant to Resolution 1988 (2011) Amends Four Names on Its Sanctions List<\/a><br \/><\/span><\/li>\n<li><span lang=\"RO\"><a href=\"https:\/\/press.un.org\/en\/2026\/sc16336.doc.htm\" target=\"_blank\" rel=\"nofollow noopener\">Security Council Sanctions Committee Established Pursuant to Resolution 1988 (2011) Amends Four Names on Its Sanctions List<\/a><\/span><\/li>\n<li><span lang=\"RO\"><a href=\"https:\/\/eur-lex.europa.eu\/legal-content\/RO\/TXT\/PDF\/?uri=OJ:L_202600884\" target=\"_blank\" rel=\"nofollow noopener\">Decizia (PESC) 2026\/884 a Consiliului din 21 aprilie 2026 de modificare a Deciziei (PESC) 2024\/2643 privind m\u0103suri restrictive av\u00e2nd \u00een vedere activit\u0103\u021bile destabilizatoare ale Rusiei<\/a><\/span><\/li>\n<li><span lang=\"RO\"><a href=\"https:\/\/eur-lex.europa.eu\/legal-content\/RO\/TXT\/PDF\/?uri=OJ:L_202600885\" target=\"_blank\" rel=\"nofollow noopener\">Regulamentul de punere \u00een aplicare (UE) 2026\/885 al Consiliului din 21 aprilie 2026 privind punerea \u00een aplicare a Regulamentului (UE) 2024\/2642 privind m\u0103suri restrictive av\u00e2nd \u00een vedere activit\u0103\u021bile destabilizatoare ale Rusiei<\/a><\/span><\/li>\n<li><span lang=\"RO\"><a href=\"https:\/\/eur-lex.europa.eu\/legal-content\/RO\/TXT\/HTML\/?uri=OJ:L_202600898\" target=\"_blank\" rel=\"nofollow noopener\">Regulamentul de punere \u00een aplicare (UE) 2026\/898 al Consiliului din 21 aprilie 2026 privind punerea \u00een aplicare a Regulamentului (UE) 2023\/888 privind m\u0103suri restrictive av\u00e2nd \u00een vedere ac\u021biunile de destabilizare a Republicii Moldova<\/a><\/span><\/li>\n<li><span lang=\"RO\"><a href=\"https:\/\/eur-lex.europa.eu\/legal-content\/RO\/TXT\/HTML\/?uri=OJ:L_202600897\" target=\"_blank\" rel=\"nofollow noopener\">Decizia (PESC) 2026\/897 a Consiliului din 21 aprilie 2026 de modificare a Deciziei (PESC) 2023\/891 privind m\u0103suri restrictive av\u00e2nd \u00een vedere ac\u021biunile de destabilizare a Republicii Moldova<\/a><\/span><\/li>\n<li><a href=\"https:\/\/eur-lex.europa.eu\/legal-content\/RO\/TXT\/PDF\/?uri=OJ:L_202600506\" target=\"_blank\" rel=\"nofollow noopener\"><span lang=\"RO\">Regulamentul (UE) 2026\/506 al Consiliului din 23 aprilie 2026 de modificare a Regulamentului (UE) nr. 833\/2014 privind m\u0103suri restrictive av\u00e2nd \u00een vedere ac\u021biunile Rusiei de destabilizare a situa\u021biei \u00een Ucraina<\/span><\/a><\/li>\n<li><a href=\"https:\/\/eur-lex.europa.eu\/legal-content\/RO\/TXT\/PDF\/?uri=OJ:L_202600508\" target=\"_blank\" rel=\"nofollow noopener\"><span lang=\"RO\">Decizia (PESC) 2026\/508 a Consiliului din 23 aprilie 2026 de modificare a Deciziei 2014\/512\/PESC privind m\u0103suri restrictive av\u00e2nd \u00een vedere ac\u021biunile Rusiei de destabilizare a situa\u021biei \u00een Ucraina<\/span><\/a><\/li>\n<li><a href=\"https:\/\/eur-lex.europa.eu\/legal-content\/RO\/TXT\/PDF\/?uri=OJ:L_202600511\" target=\"_blank\" rel=\"nofollow noopener\"><span lang=\"RO\">Regulamentul (UE) 2026\/511 al Consiliului din 23 aprilie 2026 de modificare a Regulamentului (UE) nr. 269\/2014 privind m\u0103suri restrictive \u00een raport cu ac\u021biunile care submineaz\u0103 sau amenin\u021b\u0103 integritatea teritorial\u0103, suveranitatea \u0219i independen\u021ba Ucrainei<\/span><\/a><\/li>\n<li><a href=\"https:\/\/eur-lex.europa.eu\/legal-content\/RO\/TXT\/PDF\/?uri=OJ:L_202600504\" target=\"_blank\" rel=\"nofollow noopener\"><span lang=\"RO\">Decizia (PESC) 2026\/504 a Consiliului din 23 aprilie 2026 de modificare a Deciziei 2014\/145\/PESC privind m\u0103suri restrictive \u00een raport cu ac\u021biunile care submineaz\u0103 sau amenin\u021b\u0103 integritatea teritorial\u0103, suveranitatea \u0219i independen\u021ba Ucrainei<\/span><\/a><\/li>\n<li><a href=\"https:\/\/eur-lex.europa.eu\/legal-content\/RO\/TXT\/PDF\/?uri=OJ:L_202600509\" target=\"_blank\" rel=\"nofollow noopener\"><span lang=\"RO\">Regulamentul de punere \u00een aplicare (UE) 2026\/509 al Consiliului din 23 aprilie 2026 privind punerea \u00een aplicare a Regulamentului (UE) nr. 269\/2014 privind m\u0103suri restrictive \u00een raport cu ac\u021biunile care submineaz\u0103 sau amenin\u021b\u0103 integritatea teritorial\u0103, suveranitatea \u0219i independen\u021ba Ucrainei<\/span><\/a><\/li>\n<li><a href=\"https:\/\/eur-lex.europa.eu\/legal-content\/RO\/TXT\/PDF\/?uri=OJ:L_202600513\" target=\"_blank\" rel=\"nofollow noopener\"><span lang=\"RO\">Regulamentul (UE) 2026\/513 al Consiliului din 23 aprilie 2026 de modificare a Regulamentului (CE) nr. 765\/2006 privind m\u0103suri restrictive av\u00e2nd \u00een vedere situa\u021bia din Belarus \u0219i implicarea Belarusului \u00een agresiunea Rusiei \u00eempotriva Ucrainei<\/span><\/a><\/li>\n<li><a href=\"https:\/\/eur-lex.europa.eu\/legal-content\/RO\/TXT\/PDF\/?uri=OJ:L_202600512\" target=\"_blank\" rel=\"nofollow noopener\"><span lang=\"RO\">Decizia (PESC) 2026\/512 a Consiliului din 23 aprilie 2026 de modificare a Deciziei 2012\/642\/PESC privind m\u0103suri restrictive av\u00e2nd \u00een vedere situa\u021bia din Belarus \u0219i implicarea Belarusului \u00een agresiunea Rusiei \u00eempotriva Ucrainei<\/span><\/a><\/li>\n<li><a href=\"https:\/\/eur-lex.europa.eu\/legal-content\/RO\/TXT\/PDF\/?uri=OJ:L_202600505\" target=\"_blank\" rel=\"nofollow noopener\"><span lang=\"RO\">Regulamentul de punere \u00een aplicare (UE) 2026\/505 al Consiliului din 23 aprilie 2026 privind punerea \u00een aplicare a articolului 8a alineatul (1) din Regulamentul (CE) nr. 765\/2006 privind m\u0103suri restrictive av\u00e2nd \u00een vedere situa\u021bia din Belarus \u0219i implicarea Belarusului \u00een agresiunea Rusiei \u00eempotriva Ucrainei<\/span><\/a><\/li>\n<li><a href=\"https:\/\/eur-lex.europa.eu\/legal-content\/RO\/TXT\/HTML\/?uri=OJ:L_202600503\" target=\"_blank\" rel=\"nofollow noopener\"><span lang=\"RO\">Decizia de punere \u00een aplicare (PESC) 2026\/503 a Consiliului din 23 aprilie 2026 privind punerea \u00een aplicare a Deciziei 2012\/642\/PESC privind m\u0103suri restrictive av\u00e2nd \u00een vedere situa\u021bia din Belarus \u0219i implicarea Belarusului \u00een agresiunea Rusiei \u00eempotriva Ucrainei<\/span><\/a><\/li>\n<li><a href=\"https:\/\/eur-lex.europa.eu\/legal-content\/RO\/TXT\/?uri=OJ:L_202600926\" target=\"_blank\" rel=\"nofollow noopener\"><span lang=\"RO\">Regulamentul de punere \u00een aplicare (UE) 2026\/926 al Consiliului din 27 aprilie 2026 privind punerea \u00een aplicare a Regulamentului (UE) nr. 401\/2013 privind m\u0103suri restrictive av\u00e2nd \u00een vedere situa\u021bia din Myanmar\/Birmania<\/span><\/a><\/li>\n<li><a href=\"https:\/\/eur-lex.europa.eu\/legal-content\/RO\/TXT\/?uri=OJ:L_202600927\" target=\"_blank\" rel=\"nofollow noopener\"><span lang=\"RO\">Decizia (PESC) 2026\/927 a Consiliului din 27 aprilie 2026 de modificare a Deciziei 2013\/184\/PESC privind m\u0103suri restrictive av\u00e2nd \u00een vedere situa\u021bia din Myanmar\/Birmania<\/span><\/a><\/li>\n<li><a href=\"https:\/\/press.un.org\/en\/2026\/sc16352.doc.htm\" target=\"_blank\" rel=\"nofollow noopener\"><span lang=\"RO\">Security Council Sanctions Committee Established Pursuant to Resolution 1988 (2011) Amends 17 Names on Its Sanctions List<\/span><\/a><\/li>\n<li><a href=\"https:\/\/eur-lex.europa.eu\/legal-content\/RO\/TXT\/HTML\/?uri=OJ:L_202601079\" target=\"_blank\" rel=\"nofollow noopener\">Decizia (PESC) 2026\/1079 a Consiliului din 11 mai 2026 de modificare a Deciziei (PESC) 2019\/797 privind m\u0103suri restrictive \u00eempotriva atacurilor cibernetice care reprezint\u0103 o amenin\u021bare la adresa Uniunii sau a statelor sale membre<\/a><\/li>\n<li><a href=\"https:\/\/eur-lex.europa.eu\/legal-content\/RO\/TXT\/HTML\/?uri=OJ:L_202601078\" target=\"_blank\" rel=\"nofollow noopener\">Regulamentul de punere \u00een aplicare (UE) 2026\/1078 al Consiliului din 11 mai 2026 privind punerea \u00een aplicare a Regulamentului (UE) 2019\/796 privind m\u0103suri restrictive \u00eempotriva atacurilor cibernetice care reprezint\u0103 o amenin\u021bare la adresa Uniunii sau a statelor sale membre<\/a><\/li>\n<\/ol>\n<\/div><\/div><\/div><\/div><\/div>\n","protected":false},"excerpt":{"rendered":"","protected":false},"author":1,"featured_media":0,"parent":0,"menu_order":0,"comment_status":"closed","ping_status":"closed","template":"","meta":{"_monsterinsights_skip_tracking":false,"_monsterinsights_sitenote_active":false,"_monsterinsights_sitenote_note":"","_monsterinsights_sitenote_category":0,"footnotes":""},"class_list":["post-2524","page","type-page","status-publish","hentry"],"_links":{"self":[{"href":"https:\/\/www.carp-omenia.ro\/index.php\/wp-json\/wp\/v2\/pages\/2524","targetHints":{"allow":["GET"]}}],"collection":[{"href":"https:\/\/www.carp-omenia.ro\/index.php\/wp-json\/wp\/v2\/pages"}],"about":[{"href":"https:\/\/www.carp-omenia.ro\/index.php\/wp-json\/wp\/v2\/types\/page"}],"author":[{"embeddable":true,"href":"https:\/\/www.carp-omenia.ro\/index.php\/wp-json\/wp\/v2\/users\/1"}],"replies":[{"embeddable":true,"href":"https:\/\/www.carp-omenia.ro\/index.php\/wp-json\/wp\/v2\/comments?post=2524"}],"version-history":[{"count":16,"href":"https:\/\/www.carp-omenia.ro\/index.php\/wp-json\/wp\/v2\/pages\/2524\/revisions"}],"predecessor-version":[{"id":2566,"href":"https:\/\/www.carp-omenia.ro\/index.php\/wp-json\/wp\/v2\/pages\/2524\/revisions\/2566"}],"wp:attachment":[{"href":"https:\/\/www.carp-omenia.ro\/index.php\/wp-json\/wp\/v2\/media?parent=2524"}],"curies":[{"name":"wp","href":"https:\/\/api.w.org\/{rel}","templated":true}]}}