{"id":2381,"date":"2024-12-27T06:40:20","date_gmt":"2024-12-27T06:40:20","guid":{"rendered":"https:\/\/www.carp-omenia.ro\/?page_id=2381"},"modified":"2024-12-27T06:40:20","modified_gmt":"2024-12-27T06:40:20","slug":"varstnici-activi-varstnici-integrati-social","status":"publish","type":"page","link":"https:\/\/www.carp-omenia.ro\/index.php\/proiecte\/varstnici-activi-varstnici-integrati-social\/","title":{"rendered":"\u201cV\u00e2rstnici activi, v\u00e2rstnici integra\u021bi social\u201d"},"content":{"rendered":"<p><a href=\"https:\/\/www.carp-omenia.ro\/wp-content\/uploads\/2024\/12\/United_Way_2024.jpg\"><img decoding=\"async\" class=\"alignright size-medium wp-image-2382\" src=\"https:\/\/www.carp-omenia.ro\/wp-content\/uploads\/2024\/12\/United_Way_2024-300x129.jpg\" alt=\"\" width=\"300\" height=\"129\" srcset=\"https:\/\/www.carp-omenia.ro\/wp-content\/uploads\/2024\/12\/United_Way_2024-200x86.jpg 200w, https:\/\/www.carp-omenia.ro\/wp-content\/uploads\/2024\/12\/United_Way_2024-300x129.jpg 300w, https:\/\/www.carp-omenia.ro\/wp-content\/uploads\/2024\/12\/United_Way_2024-400x173.jpg 400w, https:\/\/www.carp-omenia.ro\/wp-content\/uploads\/2024\/12\/United_Way_2024-600x259.jpg 600w, https:\/\/www.carp-omenia.ro\/wp-content\/uploads\/2024\/12\/United_Way_2024-768x331.jpg 768w, https:\/\/www.carp-omenia.ro\/wp-content\/uploads\/2024\/12\/United_Way_2024-800x345.jpg 800w, https:\/\/www.carp-omenia.ro\/wp-content\/uploads\/2024\/12\/United_Way_2024.jpg 927w\" sizes=\"(max-width: 300px) 100vw, 300px\" \/><\/a>Con\u0219tient\u0103 de situa\u021bia tot mai precar\u0103 \u0219i lipsit\u0103 de orice perspectiv\u0103 pozitiv\u0103 a v\u00e2rstnicilor din Rom\u00e2nia, Asocia\u021bia C.A.R.P. \u201cOMENIA\u201d Bucure\u0219ti a dezvoltat de-a lungul timpului o serie de servicii socio-medicale adaptate nevoilor membrilor s\u0103i. Totodat\u0103, \u00een parteneriat cu importante organiza\u021bii neguvernamentale a ini\u021biat \u0219i s-a implicat \u00een multe proiecte umanitare. Astfel, \u00een perioada <strong>01.01.2024 \u2013 31.12.2024, Asocia\u021bia C.A.R.P. \u201eOMENIA\u201d Bucure\u0219ti<\/strong> a derulat \u00eempreun\u0103 cu <strong>Funda\u021bia United Way Romania<\/strong> (\u00een calitate de cofinan\u021bator) proiectul <strong>\u201cV\u00e2rstnici activi, v\u00e2rstnici integra\u021bi social<\/strong><strong>\u201d.<\/strong><\/p>\n<p>Acest proiect, devenit deja o tradi\u021bie, \u00a0a urm\u0103rit o serie de obiective dedicate segmentului de popula\u021bie \u0219i de v\u00e2rst\u0103 cel mai afectat de transform\u0103rile socio-economice din ultimii ani,\u00a0 cum ar fi \u00eembun\u0103t\u0103\u021birea calit\u0103\u021bii vie\u021bii persoanelor v\u00e2rstnice aflate \u00een risc de excluziune social\u0103 din cauza s\u0103r\u0103ciei, a st\u0103rii de s\u0103n\u0103tate precare, a sentimentului de inutilitate \u0219i singur\u0103tate, instalat odat\u0103 cu pensionarea \u0219i \u00eenaintarea \u00een v\u00e2rst\u0103. S-a mai urm\u0103rit, de asemenea, implicarea seniorilor \u00een activit\u0103\u021bi de socializare \u0219i voluntariat si asigurarea nevoilor materiale de baz\u0103.<\/p>\n<p><strong>\u00a0\u00a0\u00a0\u00a0 Grupul \u021bint\u0103 <\/strong>a fost format din 60 de persoane v\u00e2rstnice vulnerabile, cu risc de izolare \u0219i excluziune social\u0103. Ace\u0219tia au beneficiat de suport social \u0219i psiho-emo\u021bional. De asemenea, lunar au fost distribuite cel pu\u021bin 60 de pachete cu produse alimentare \u0219i\/sau igienico-sanitate. Dintre cele 60 de persoane v\u00e2rstnice, 20 sunt greu deplasabile, astfel au primit lunar suport social \u0219i psiho-emo\u021bional la domiciliu, iar cele deplasabile, respectiv 40 de persoane, \u00a0la sediul Centrului de Zi al Asocia\u021biei C.A.R.P. \u201eOMENIA\u201d Bucure\u0219ti. Cele 60 de persoane au fost implicate \u00een activit\u0103\u021bi de socializare \u0219i petrecere a timpului liber.<\/p>\n<p>Cu o mobilizare at\u00e2t de bun\u0103 \u0219i o activitate sus\u021binut\u0103 \u0219i complex\u0103 nici rezultatele nu s-au l\u0103sat a\u0219teptate. Astfel, ca urmare a implement\u0103rii proiectului 60 de persoane v\u00e2rstnice au beneficiat lunar \u2013 pe parcursul unui an- de servicii sociale \u0219i de ajutoare materiale nerambursabile const\u00e2nd \u00een pachete cu alimente \u0219i produse igienico-sanitare.\u00a0\u00a0\u00a0\u00a0 <em>Mul\u021bumim Funda\u021biei United Way care <strong>a sprijinit acest proiect<\/strong> \u0219i sper\u0103m \u00een colabor\u0103ri viitoare la fel de benefice \u0219i necesare, destinate persoanelor de v\u00e2rsta a treia.\u00a0 <\/em><\/p>\n<p><strong><em>**********<\/em><\/strong><\/p>\n<p><strong>\u00a0\u00a0\u00a0\u00a0 Funda\u021bia United Way Rom\u00e2nia<\/strong> este o funda\u0163ie rom\u00e2neasc\u0103 \u00eenregistrat\u0103 \u00een iunie 2004 \u015fi afiliat\u0103 la United Way Worldwide, SUA. Viziunea acestei organiza\u021bii este aceea a unei comunit\u0103\u0163i prospere, capabile de a-\u015fi sus\u0163ine membrii s\u0103-\u015fi ating\u0103 poten\u0163ialul maxim iar misiunea este aceea de a \u00eembun\u0103t\u0103\u0163i calitatea vie\u0163ii \u00een comunitate, prin \u00eencurajarea dona\u0163iilor individuale, corporatiste \u015fi a voluntariatului.<\/p>\n<p><strong>\u00a0\u00a0\u00a0 Funda\u021bia are ca obiective principale acordarea de sprijin \u00een <\/strong>oferirea de servicii educa\u0163ionale, de s\u0103n\u0103tate \u015fi de integrare a persoanelor defavorizate din Rom\u00e2nia pentru ca ace\u015ftia s\u0103 aib\u0103 o via\u0163\u0103 mai bun\u0103, urm\u0103rind implicarea unui\u00a0 num\u0103r c\u00e2t mai mare de parteneri \u2013 organiza\u0163ii, companii, institu\u0163ii \u015fi persoane private \u00een activit\u0103\u0163i de responsabilitate social\u0103, filantropie \u015fi voluntariat.<\/p>\n","protected":false},"excerpt":{"rendered":"<p>Con\u0219tient\u0103 de situa\u021bia tot mai precar\u0103 \u0219i lipsit\u0103 de orice  [&#8230;]<\/p>\n","protected":false},"author":1,"featured_media":0,"parent":458,"menu_order":0,"comment_status":"closed","ping_status":"closed","template":"","meta":{"_monsterinsights_skip_tracking":false,"_monsterinsights_sitenote_active":false,"_monsterinsights_sitenote_note":"","_monsterinsights_sitenote_category":0,"footnotes":""},"class_list":["post-2381","page","type-page","status-publish","hentry"],"_links":{"self":[{"href":"https:\/\/www.carp-omenia.ro\/index.php\/wp-json\/wp\/v2\/pages\/2381","targetHints":{"allow":["GET"]}}],"collection":[{"href":"https:\/\/www.carp-omenia.ro\/index.php\/wp-json\/wp\/v2\/pages"}],"about":[{"href":"https:\/\/www.carp-omenia.ro\/index.php\/wp-json\/wp\/v2\/types\/page"}],"author":[{"embeddable":true,"href":"https:\/\/www.carp-omenia.ro\/index.php\/wp-json\/wp\/v2\/users\/1"}],"replies":[{"embeddable":true,"href":"https:\/\/www.carp-omenia.ro\/index.php\/wp-json\/wp\/v2\/comments?post=2381"}],"version-history":[{"count":1,"href":"https:\/\/www.carp-omenia.ro\/index.php\/wp-json\/wp\/v2\/pages\/2381\/revisions"}],"predecessor-version":[{"id":2383,"href":"https:\/\/www.carp-omenia.ro\/index.php\/wp-json\/wp\/v2\/pages\/2381\/revisions\/2383"}],"up":[{"embeddable":true,"href":"https:\/\/www.carp-omenia.ro\/index.php\/wp-json\/wp\/v2\/pages\/458"}],"wp:attachment":[{"href":"https:\/\/www.carp-omenia.ro\/index.php\/wp-json\/wp\/v2\/media?parent=2381"}],"curies":[{"name":"wp","href":"https:\/\/api.w.org\/{rel}","templated":true}]}}