{"id":1029,"date":"2020-04-29T07:26:11","date_gmt":"2020-04-29T07:26:11","guid":{"rendered":"http:\/\/www.carp-omenia.ro\/?page_id=1029"},"modified":"2020-04-29T08:02:40","modified_gmt":"2020-04-29T08:02:40","slug":"covid-19","status":"publish","type":"page","link":"https:\/\/www.carp-omenia.ro\/index.php\/covid-19\/","title":{"rendered":"COVID-19"},"content":{"rendered":"\n<p>ORDONANTE MILITARE:<\/p>\n\n\n\n<ol class=\"wp-block-list\"><li><a rel=\"noreferrer noopener\" aria-label=\" (se deschide \u00eentr-o fil\u0103 nou\u0103)\" href=\"https:\/\/www.carp-omenia.ro\/wp-content\/uploads\/2020\/04\/Ordonanta_Militara_nr_1.pdf\" target=\"_blank\">17 martie 2020<\/a><\/li><li><a rel=\"noreferrer noopener\" aria-label=\"21 martie 2020 (se deschide \u00eentr-o fil\u0103 nou\u0103)\" href=\"https:\/\/www.carp-omenia.ro\/wp-content\/uploads\/2020\/04\/Ordonanta_Militara_nr_2.pdf\" target=\"_blank\">21 martie 2020<\/a><\/li><li><a rel=\"noreferrer noopener\" aria-label=\"24 martie 2020 (se deschide \u00eentr-o fil\u0103 nou\u0103)\" href=\"https:\/\/www.carp-omenia.ro\/wp-content\/uploads\/2020\/04\/Ordonanta_Militara_nr_3.pdf\" target=\"_blank\">24 martie 2020<\/a><\/li><li><a href=\"https:\/\/www.carp-omenia.ro\/wp-content\/uploads\/2020\/04\/Ordonanta_Militara_nr_4.pdf\" target=\"_blank\" rel=\"noreferrer noopener\" aria-label=\" (se deschide \u00eentr-o fil\u0103 nou\u0103)\">29 martie 2020<\/a><\/li><li><a href=\"https:\/\/www.carp-omenia.ro\/wp-content\/uploads\/2020\/04\/Ordonanta_Militara_nr_5.pdf\" target=\"_blank\" rel=\"noreferrer noopener\" aria-label=\"30 martie 2020 (se deschide \u00eentr-o fil\u0103 nou\u0103)\">30 martie 2020<\/a><\/li><li><a href=\"https:\/\/www.carp-omenia.ro\/wp-content\/uploads\/2020\/04\/Ordonanta_Militara_nr_6.pdf\" target=\"_blank\" rel=\"noreferrer noopener\" aria-label=\"30 martie 2020 (se deschide \u00eentr-o fil\u0103 nou\u0103)\">30 martie 2020<\/a><\/li><li><a href=\"https:\/\/www.carp-omenia.ro\/wp-content\/uploads\/2020\/04\/Ordonanta_Militara_nr_7.pdf\" target=\"_blank\" rel=\"noreferrer noopener\" aria-label=\"04 aprilie 2020 (se deschide \u00eentr-o fil\u0103 nou\u0103)\">04 aprilie 2020<\/a><\/li><li><a href=\"https:\/\/www.carp-omenia.ro\/wp-content\/uploads\/2020\/04\/Ordonanta_Militara_nr_8.pdf\" target=\"_blank\" rel=\"noreferrer noopener\" aria-label=\"09 aprilie 2020 (se deschide \u00eentr-o fil\u0103 nou\u0103)\">09 aprilie 2020<\/a><\/li><li><a href=\"https:\/\/www.carp-omenia.ro\/wp-content\/uploads\/2020\/04\/Ordonanta_Militara_nr_9.pdf\" target=\"_blank\" rel=\"noreferrer noopener\" aria-label=\"16 aprilie 2020 (se deschide \u00eentr-o fil\u0103 nou\u0103)\">16 aprilie 2020<\/a><\/li><li><a href=\"https:\/\/www.carp-omenia.ro\/wp-content\/uploads\/2020\/04\/Ordonanta_Militara_nr_10.pdf\" target=\"_blank\" rel=\"noreferrer noopener\" aria-label=\"27 aprilie 2020 (se deschide \u00eentr-o fil\u0103 nou\u0103)\">27 aprilie 2020<\/a><\/li><\/ol>\n\n<hr><\/hr>\n\n\n\n<p>DECRETE PREZIDENTIALE:<\/p>\n\n\n\n<ol class=\"wp-block-list\"><li><a href=\"https:\/\/www.carp-omenia.ro\/wp-content\/uploads\/2020\/04\/Decret_Prezidential_195_2020_stare_urgenta.pdf\" target=\"_blank\" rel=\"noreferrer noopener\" aria-label=\"195 din 2020 (se deschide \u00eentr-o fil\u0103 nou\u0103)\">195 din 2020<\/a><\/li><li><a href=\"https:\/\/www.carp-omenia.ro\/wp-content\/uploads\/2020\/04\/Decret_Prezidential_240_2020_prelungire_stare_urgenta.pdf\" target=\"_blank\" rel=\"noreferrer noopener\" aria-label=\"240 din 2020 (se deschide \u00eentr-o fil\u0103 nou\u0103)\">240 din 2020<\/a><\/li><\/ol>\n","protected":false},"excerpt":{"rendered":"<p>ORDONANTE MILITARE: 17 martie 2020 21 martie 2020 24 martie  [&#8230;]<\/p>\n","protected":false},"author":1,"featured_media":0,"parent":0,"menu_order":0,"comment_status":"closed","ping_status":"closed","template":"","meta":{"_monsterinsights_skip_tracking":false,"_monsterinsights_sitenote_active":false,"_monsterinsights_sitenote_note":"","_monsterinsights_sitenote_category":0,"footnotes":""},"class_list":["post-1029","page","type-page","status-publish","hentry"],"_links":{"self":[{"href":"https:\/\/www.carp-omenia.ro\/index.php\/wp-json\/wp\/v2\/pages\/1029","targetHints":{"allow":["GET"]}}],"collection":[{"href":"https:\/\/www.carp-omenia.ro\/index.php\/wp-json\/wp\/v2\/pages"}],"about":[{"href":"https:\/\/www.carp-omenia.ro\/index.php\/wp-json\/wp\/v2\/types\/page"}],"author":[{"embeddable":true,"href":"https:\/\/www.carp-omenia.ro\/index.php\/wp-json\/wp\/v2\/users\/1"}],"replies":[{"embeddable":true,"href":"https:\/\/www.carp-omenia.ro\/index.php\/wp-json\/wp\/v2\/comments?post=1029"}],"version-history":[{"count":11,"href":"https:\/\/www.carp-omenia.ro\/index.php\/wp-json\/wp\/v2\/pages\/1029\/revisions"}],"predecessor-version":[{"id":1044,"href":"https:\/\/www.carp-omenia.ro\/index.php\/wp-json\/wp\/v2\/pages\/1029\/revisions\/1044"}],"wp:attachment":[{"href":"https:\/\/www.carp-omenia.ro\/index.php\/wp-json\/wp\/v2\/media?parent=1029"}],"curies":[{"name":"wp","href":"https:\/\/api.w.org\/{rel}","templated":true}]}}